{"id":457,"date":"2015-04-01T15:44:21","date_gmt":"2015-04-01T15:44:21","guid":{"rendered":"http:\/\/www.pc-web.dineshnimiwal.com\/?page_id=457"},"modified":"2026-02-06T00:49:29","modified_gmt":"2026-02-06T00:49:29","slug":"awards","status":"publish","type":"page","link":"https:\/\/www.parisienconstruction.com\/en\/about-us\/awards\/","title":{"rendered":"Prizes &#038; Awards since 1987"},"content":{"rendered":"\t\t<div data-elementor-type=\"wp-page\" data-elementor-id=\"457\" class=\"elementor elementor-457 elementor-39\" data-elementor-post-type=\"page\">\n\t\t\t\t<div class=\"elementor-element elementor-element-5363b0ec e-flex e-con-boxed e-con e-parent\" data-id=\"5363b0ec\" data-element_type=\"container\" data-e-type=\"container\">\n\t\t\t\t\t<div class=\"e-con-inner\">\n\t\t\t\t<div class=\"elementor-element elementor-element-6a38c494 elementor-widget elementor-widget-text-editor\" data-id=\"6a38c494\" data-element_type=\"widget\" data-e-type=\"widget\" data-widget_type=\"text-editor.default\">\n\t\t\t\t\t\t\t\t\tWith Parisien Construction, you can be sure the quality of your project will meet or exceed industry standards. As well, our team is committed to protecting the environment by maximizing recycling and re-use of construction materials.\t\t\t\t\t\t\t\t<\/div>\n\t\t\t\t\t<\/div>\n\t\t\t\t<\/div>\n\t\t<div class=\"elementor-element elementor-element-9d1a17f e-flex e-con-boxed e-con e-parent\" data-id=\"9d1a17f\" data-element_type=\"container\" data-e-type=\"container\">\n\t\t\t\t\t<div class=\"e-con-inner\">\n\t\t<div class=\"elementor-element elementor-element-aec85c4 e-con-full e-flex e-con e-child\" data-id=\"aec85c4\" data-element_type=\"container\" data-e-type=\"container\">\n\t\t\t\t<div class=\"elementor-element elementor-element-f3bb2df elementor-widget elementor-widget-image\" data-id=\"f3bb2df\" data-element_type=\"widget\" data-e-type=\"widget\" data-widget_type=\"image.default\">\n\t\t\t\t\t\t\t\t\t\t\t\t\t\t\t<img loading=\"lazy\" decoding=\"async\" width=\"90\" height=\"87\" src=\"https:\/\/www.parisienconstruction.com\/wp-content\/uploads\/2015\/04\/awards.png\" class=\"attachment-large size-large wp-image-1257\" alt=\"\" \/>\t\t\t\t\t\t\t\t\t\t\t\t\t\t\t<\/div>\n\t\t\t\t<div class=\"elementor-element elementor-element-3093505 elementor-widget elementor-widget-heading\" data-id=\"3093505\" data-element_type=\"widget\" data-e-type=\"widget\" data-widget_type=\"heading.default\">\n\t\t\t\t\t<h3 class=\"elementor-heading-title elementor-size-default\">2006-2007-2008-2009<br>\nMa\u00eetre Constructeur<br>\nLaur\u00e9at Platine APCHQ<\/h3>\t\t\t\t<\/div>\n\t\t\t\t<\/div>\n\t\t<div class=\"elementor-element elementor-element-2587416 e-con-full e-flex e-con e-child\" data-id=\"2587416\" data-element_type=\"container\" data-e-type=\"container\">\n\t\t\t\t<div class=\"elementor-element elementor-element-2a6b918 elementor-widget elementor-widget-image\" data-id=\"2a6b918\" data-element_type=\"widget\" data-e-type=\"widget\" data-widget_type=\"image.default\">\n\t\t\t\t\t\t\t\t\t\t\t\t\t\t\t<img loading=\"lazy\" decoding=\"async\" width=\"90\" height=\"87\" src=\"https:\/\/www.parisienconstruction.com\/wp-content\/uploads\/2015\/04\/awards.png\" class=\"attachment-large size-large wp-image-1257\" alt=\"\" \/>\t\t\t\t\t\t\t\t\t\t\t\t\t\t\t<\/div>\n\t\t\t\t<div class=\"elementor-element elementor-element-a10eb92 elementor-widget elementor-widget-heading\" data-id=\"a10eb92\" data-element_type=\"widget\" data-e-type=\"widget\" data-widget_type=\"heading.default\">\n\t\t\t\t\t<h3 class=\"elementor-heading-title elementor-size-default\">2010-2011-2012-2013<br>\nMa\u00eetre Constructeur<br>\nLaur\u00e9at Platine APCHQ\n<\/h3>\t\t\t\t<\/div>\n\t\t\t\t<\/div>\n\t\t<div class=\"elementor-element elementor-element-98f3d23 e-con-full e-flex e-con e-child\" data-id=\"98f3d23\" data-element_type=\"container\" data-e-type=\"container\">\n\t\t\t\t<div class=\"elementor-element elementor-element-9c3a475 elementor-widget elementor-widget-image\" data-id=\"9c3a475\" data-element_type=\"widget\" data-e-type=\"widget\" data-widget_type=\"image.default\">\n\t\t\t\t\t\t\t\t\t\t\t\t\t\t\t<img loading=\"lazy\" decoding=\"async\" width=\"90\" height=\"87\" src=\"https:\/\/www.parisienconstruction.com\/wp-content\/uploads\/2015\/04\/awards.png\" class=\"attachment-large size-large wp-image-1257\" alt=\"\" \/>\t\t\t\t\t\t\t\t\t\t\t\t\t\t\t<\/div>\n\t\t\t\t<div class=\"elementor-element elementor-element-a0b6fd4 elementor-widget elementor-widget-heading\" data-id=\"a0b6fd4\" data-element_type=\"widget\" data-e-type=\"widget\" data-widget_type=\"heading.default\">\n\t\t\t\t\t<h3 class=\"elementor-heading-title elementor-size-default\">2014 Ma\u00eetre<br>\nConstructeur<br>\nPalme Diamant APCHQ<\/h3>\t\t\t\t<\/div>\n\t\t\t\t<\/div>\n\t\t<div class=\"elementor-element elementor-element-829a30f e-con-full e-flex e-con e-child\" data-id=\"829a30f\" data-element_type=\"container\" data-e-type=\"container\">\n\t\t\t\t<div class=\"elementor-element elementor-element-2887e38 elementor-widget elementor-widget-image\" data-id=\"2887e38\" data-element_type=\"widget\" data-e-type=\"widget\" data-widget_type=\"image.default\">\n\t\t\t\t\t\t\t\t\t\t\t\t\t\t\t<img loading=\"lazy\" decoding=\"async\" width=\"90\" height=\"87\" src=\"https:\/\/www.parisienconstruction.com\/wp-content\/uploads\/2015\/04\/awards.png\" class=\"attachment-large size-large wp-image-1257\" alt=\"\" \/>\t\t\t\t\t\t\t\t\t\t\t\t\t\t\t<\/div>\n\t\t\t\t<div class=\"elementor-element elementor-element-801453c elementor-widget elementor-widget-heading\" data-id=\"801453c\" data-element_type=\"widget\" data-e-type=\"widget\" data-widget_type=\"heading.default\">\n\t\t\t\t\t<h3 class=\"elementor-heading-title elementor-size-default\">2015 Ma\u00eetre<br>\nConstructeur<br>\nPalme Diamant APCHQ<\/h3>\t\t\t\t<\/div>\n\t\t\t\t<\/div>\n\t\t<div class=\"elementor-element elementor-element-d8116cf e-con-full e-flex e-con e-child\" data-id=\"d8116cf\" data-element_type=\"container\" data-e-type=\"container\">\n\t\t\t\t<div class=\"elementor-element elementor-element-8b4e305 elementor-widget elementor-widget-image\" data-id=\"8b4e305\" data-element_type=\"widget\" data-e-type=\"widget\" data-widget_type=\"image.default\">\n\t\t\t\t\t\t\t\t\t\t\t\t\t\t\t<img loading=\"lazy\" decoding=\"async\" width=\"90\" height=\"87\" src=\"https:\/\/www.parisienconstruction.com\/wp-content\/uploads\/2015\/04\/awards.png\" class=\"attachment-large size-large wp-image-1257\" alt=\"\" \/>\t\t\t\t\t\t\t\t\t\t\t\t\t\t\t<\/div>\n\t\t\t\t<div class=\"elementor-element elementor-element-9b4f945 elementor-widget elementor-widget-heading\" data-id=\"9b4f945\" data-element_type=\"widget\" data-e-type=\"widget\" data-widget_type=\"heading.default\">\n\t\t\t\t\t<h3 class=\"elementor-heading-title elementor-size-default\">2016 Ma\u00eetre<br>\nConstructeur<br>\nPalme Diamant APCHQ<\/h3>\t\t\t\t<\/div>\n\t\t\t\t<\/div>\n\t\t<div class=\"elementor-element elementor-element-5cf3739 e-con-full e-flex e-con e-child\" data-id=\"5cf3739\" data-element_type=\"container\" data-e-type=\"container\">\n\t\t\t\t<div class=\"elementor-element elementor-element-2d08eec elementor-widget elementor-widget-image\" data-id=\"2d08eec\" data-element_type=\"widget\" data-e-type=\"widget\" data-widget_type=\"image.default\">\n\t\t\t\t\t\t\t\t\t\t\t\t\t\t\t<img loading=\"lazy\" decoding=\"async\" width=\"90\" height=\"87\" src=\"https:\/\/www.parisienconstruction.com\/wp-content\/uploads\/2015\/04\/awards.png\" class=\"attachment-large size-large wp-image-1257\" alt=\"\" \/>\t\t\t\t\t\t\t\t\t\t\t\t\t\t\t<\/div>\n\t\t\t\t<div class=\"elementor-element elementor-element-289e846 elementor-widget elementor-widget-heading\" data-id=\"289e846\" data-element_type=\"widget\" data-e-type=\"widget\" data-widget_type=\"heading.default\">\n\t\t\t\t\t<h3 class=\"elementor-heading-title elementor-size-default\">Prix Excellence<br>\nEnvironnemental 2016<\/h3>\t\t\t\t<\/div>\n\t\t\t\t<div class=\"elementor-element elementor-element-0258fe1 elementor-widget elementor-widget-text-editor\" data-id=\"0258fe1\" data-element_type=\"widget\" data-e-type=\"widget\" data-widget_type=\"text-editor.default\">\n\t\t\t\t\t\t\t\t\tPour avoir recycl\u00e9 et revaloris\u00e9 plus de 342 tonnes de mat\u00e9riaux permettant de contribuer \u00e0 la protection de l\u2019environnement et \u00e0 la r\u00e9duction des gaz \u00e0 effets de serre.\n\t\t\t\t\t\t\t\t<\/div>\n\t\t\t\t<\/div>\n\t\t\t\t\t<\/div>\n\t\t\t\t<\/div>\n\t\t\t\t<\/div>\n\t\t","protected":false},"excerpt":{"rendered":"<p>With Parisien Construction, you can be sure the quality of your project will meet or exceed industry standards. As well, our team is committed to protecting the environment by maximizing recycling and re-use of construction materials. 2006-2007-2008-2009 Ma\u00eetre Constructeur Laur\u00e9at Platine APCHQ 2010-2011-2012-2013 Ma\u00eetre Constructeur Laur\u00e9at Platine APCHQ 2014 Ma\u00eetre Constructeur Palme Diamant APCHQ 2015 [&hellip;]<\/p>\n","protected":false},"author":1,"featured_media":0,"parent":451,"menu_order":0,"comment_status":"closed","ping_status":"closed","template":"","meta":{"footnotes":""},"class_list":["post-457","page","type-page","status-publish","hentry"],"yoast_head":"<!-- This site is optimized with the Yoast SEO plugin v27.1.1 - https:\/\/yoast.com\/product\/yoast-seo-wordpress\/ -->\n<title>Prizes &amp; Awards since 1987 &#8212; Parisien Construction<\/title>\n<meta name=\"robots\" content=\"noindex, follow, max-snippet:-1, max-image-preview:large, max-video-preview:-1\" \/>\n<meta property=\"og:locale\" content=\"en_US\" \/>\n<meta property=\"og:type\" content=\"article\" \/>\n<meta property=\"og:title\" content=\"Prizes &amp; Awards since 1987 &#8212; Parisien Construction\" \/>\n<meta property=\"og:description\" content=\"With Parisien Construction, you can be sure the quality of your project will meet or exceed industry standards. As well, our team is committed to protecting the environment by maximizing recycling and re-use of construction materials. 2006-2007-2008-2009 Ma\u00eetre Constructeur Laur\u00e9at Platine APCHQ 2010-2011-2012-2013 Ma\u00eetre Constructeur Laur\u00e9at Platine APCHQ 2014 Ma\u00eetre Constructeur Palme Diamant APCHQ 2015 [&hellip;]\" \/>\n<meta property=\"og:url\" content=\"https:\/\/www.parisienconstruction.com\/en\/about-us\/awards\/\" \/>\n<meta property=\"og:site_name\" content=\"Parisien Construction\" \/>\n<meta property=\"article:modified_time\" content=\"2026-02-06T00:49:29+00:00\" \/>\n<meta property=\"og:image\" content=\"https:\/\/parisienconstruction.com\/wp-content\/uploads\/2015\/04\/awards.png\" \/>\n<meta name=\"twitter:card\" content=\"summary_large_image\" \/>\n<meta name=\"twitter:label1\" content=\"Est. reading time\" \/>\n\t<meta name=\"twitter:data1\" content=\"1 minute\" \/>\n<script type=\"application\/ld+json\" class=\"yoast-schema-graph\">{\"@context\":\"https:\/\/schema.org\",\"@graph\":[{\"@type\":\"WebPage\",\"@id\":\"https:\/\/www.parisienconstruction.com\/en\/about-us\/awards\/\",\"url\":\"https:\/\/www.parisienconstruction.com\/en\/about-us\/awards\/\",\"name\":\"Prizes & Awards since 1987 &#8212; Parisien Construction\",\"isPartOf\":{\"@id\":\"https:\/\/www.parisienconstruction.com\/#website\"},\"primaryImageOfPage\":{\"@id\":\"https:\/\/www.parisienconstruction.com\/en\/about-us\/awards\/#primaryimage\"},\"image\":{\"@id\":\"https:\/\/www.parisienconstruction.com\/en\/about-us\/awards\/#primaryimage\"},\"thumbnailUrl\":\"https:\/\/parisienconstruction.com\/wp-content\/uploads\/2015\/04\/awards.png\",\"datePublished\":\"2015-04-01T15:44:21+00:00\",\"dateModified\":\"2026-02-06T00:49:29+00:00\",\"breadcrumb\":{\"@id\":\"https:\/\/www.parisienconstruction.com\/en\/about-us\/awards\/#breadcrumb\"},\"inLanguage\":\"en-US\",\"potentialAction\":[{\"@type\":\"ReadAction\",\"target\":[\"https:\/\/www.parisienconstruction.com\/en\/about-us\/awards\/\"]}]},{\"@type\":\"ImageObject\",\"inLanguage\":\"en-US\",\"@id\":\"https:\/\/www.parisienconstruction.com\/en\/about-us\/awards\/#primaryimage\",\"url\":\"https:\/\/parisienconstruction.com\/wp-content\/uploads\/2015\/04\/awards.png\",\"contentUrl\":\"https:\/\/parisienconstruction.com\/wp-content\/uploads\/2015\/04\/awards.png\"},{\"@type\":\"BreadcrumbList\",\"@id\":\"https:\/\/www.parisienconstruction.com\/en\/about-us\/awards\/#breadcrumb\",\"itemListElement\":[{\"@type\":\"ListItem\",\"position\":1,\"name\":\"Accueil\",\"item\":\"https:\/\/www.parisienconstruction.com\/en\/\"},{\"@type\":\"ListItem\",\"position\":2,\"name\":\"About\",\"item\":\"https:\/\/www.parisienconstruction.com\/en\/about-us\/\"},{\"@type\":\"ListItem\",\"position\":3,\"name\":\"Prizes &#038; Awards since 1987\"}]},{\"@type\":\"WebSite\",\"@id\":\"https:\/\/www.parisienconstruction.com\/#website\",\"url\":\"https:\/\/www.parisienconstruction.com\/\",\"name\":\"Parisien Construction\",\"description\":\"\",\"publisher\":{\"@id\":\"https:\/\/www.parisienconstruction.com\/#organization\"},\"potentialAction\":[{\"@type\":\"SearchAction\",\"target\":{\"@type\":\"EntryPoint\",\"urlTemplate\":\"https:\/\/www.parisienconstruction.com\/?s={search_term_string}\"},\"query-input\":{\"@type\":\"PropertyValueSpecification\",\"valueRequired\":true,\"valueName\":\"search_term_string\"}}],\"inLanguage\":\"en-US\"},{\"@type\":\"Organization\",\"@id\":\"https:\/\/www.parisienconstruction.com\/#organization\",\"name\":\"Parisien Construction\",\"url\":\"https:\/\/www.parisienconstruction.com\/\",\"logo\":{\"@type\":\"ImageObject\",\"inLanguage\":\"en-US\",\"@id\":\"https:\/\/www.parisienconstruction.com\/#\/schema\/logo\/image\/\",\"url\":\"https:\/\/www.parisienconstruction.com\/wp-content\/uploads\/2026\/01\/ParisienConstruction-Red.png\",\"contentUrl\":\"https:\/\/www.parisienconstruction.com\/wp-content\/uploads\/2026\/01\/ParisienConstruction-Red.png\",\"width\":562,\"height\":168,\"caption\":\"Parisien Construction\"},\"image\":{\"@id\":\"https:\/\/www.parisienconstruction.com\/#\/schema\/logo\/image\/\"}}]}<\/script>\n<!-- \/ Yoast SEO plugin. -->","yoast_head_json":{"title":"Prizes & Awards since 1987 &#8212; Parisien Construction","robots":{"index":"noindex","follow":"follow","max-snippet":"max-snippet:-1","max-image-preview":"max-image-preview:large","max-video-preview":"max-video-preview:-1"},"og_locale":"en_US","og_type":"article","og_title":"Prizes & Awards since 1987 &#8212; Parisien Construction","og_description":"With Parisien Construction, you can be sure the quality of your project will meet or exceed industry standards. As well, our team is committed to protecting the environment by maximizing recycling and re-use of construction materials. 2006-2007-2008-2009 Ma\u00eetre Constructeur Laur\u00e9at Platine APCHQ 2010-2011-2012-2013 Ma\u00eetre Constructeur Laur\u00e9at Platine APCHQ 2014 Ma\u00eetre Constructeur Palme Diamant APCHQ 2015 [&hellip;]","og_url":"https:\/\/www.parisienconstruction.com\/en\/about-us\/awards\/","og_site_name":"Parisien Construction","article_modified_time":"2026-02-06T00:49:29+00:00","og_image":[{"url":"https:\/\/parisienconstruction.com\/wp-content\/uploads\/2015\/04\/awards.png","type":"","width":"","height":""}],"twitter_card":"summary_large_image","twitter_misc":{"Est. reading time":"1 minute"},"schema":{"@context":"https:\/\/schema.org","@graph":[{"@type":"WebPage","@id":"https:\/\/www.parisienconstruction.com\/en\/about-us\/awards\/","url":"https:\/\/www.parisienconstruction.com\/en\/about-us\/awards\/","name":"Prizes & Awards since 1987 &#8212; Parisien Construction","isPartOf":{"@id":"https:\/\/www.parisienconstruction.com\/#website"},"primaryImageOfPage":{"@id":"https:\/\/www.parisienconstruction.com\/en\/about-us\/awards\/#primaryimage"},"image":{"@id":"https:\/\/www.parisienconstruction.com\/en\/about-us\/awards\/#primaryimage"},"thumbnailUrl":"https:\/\/parisienconstruction.com\/wp-content\/uploads\/2015\/04\/awards.png","datePublished":"2015-04-01T15:44:21+00:00","dateModified":"2026-02-06T00:49:29+00:00","breadcrumb":{"@id":"https:\/\/www.parisienconstruction.com\/en\/about-us\/awards\/#breadcrumb"},"inLanguage":"en-US","potentialAction":[{"@type":"ReadAction","target":["https:\/\/www.parisienconstruction.com\/en\/about-us\/awards\/"]}]},{"@type":"ImageObject","inLanguage":"en-US","@id":"https:\/\/www.parisienconstruction.com\/en\/about-us\/awards\/#primaryimage","url":"https:\/\/parisienconstruction.com\/wp-content\/uploads\/2015\/04\/awards.png","contentUrl":"https:\/\/parisienconstruction.com\/wp-content\/uploads\/2015\/04\/awards.png"},{"@type":"BreadcrumbList","@id":"https:\/\/www.parisienconstruction.com\/en\/about-us\/awards\/#breadcrumb","itemListElement":[{"@type":"ListItem","position":1,"name":"Accueil","item":"https:\/\/www.parisienconstruction.com\/en\/"},{"@type":"ListItem","position":2,"name":"About","item":"https:\/\/www.parisienconstruction.com\/en\/about-us\/"},{"@type":"ListItem","position":3,"name":"Prizes &#038; Awards since 1987"}]},{"@type":"WebSite","@id":"https:\/\/www.parisienconstruction.com\/#website","url":"https:\/\/www.parisienconstruction.com\/","name":"Parisien Construction","description":"","publisher":{"@id":"https:\/\/www.parisienconstruction.com\/#organization"},"potentialAction":[{"@type":"SearchAction","target":{"@type":"EntryPoint","urlTemplate":"https:\/\/www.parisienconstruction.com\/?s={search_term_string}"},"query-input":{"@type":"PropertyValueSpecification","valueRequired":true,"valueName":"search_term_string"}}],"inLanguage":"en-US"},{"@type":"Organization","@id":"https:\/\/www.parisienconstruction.com\/#organization","name":"Parisien Construction","url":"https:\/\/www.parisienconstruction.com\/","logo":{"@type":"ImageObject","inLanguage":"en-US","@id":"https:\/\/www.parisienconstruction.com\/#\/schema\/logo\/image\/","url":"https:\/\/www.parisienconstruction.com\/wp-content\/uploads\/2026\/01\/ParisienConstruction-Red.png","contentUrl":"https:\/\/www.parisienconstruction.com\/wp-content\/uploads\/2026\/01\/ParisienConstruction-Red.png","width":562,"height":168,"caption":"Parisien Construction"},"image":{"@id":"https:\/\/www.parisienconstruction.com\/#\/schema\/logo\/image\/"}}]}},"_links":{"self":[{"href":"https:\/\/www.parisienconstruction.com\/en\/wp-json\/wp\/v2\/pages\/457","targetHints":{"allow":["GET"]}}],"collection":[{"href":"https:\/\/www.parisienconstruction.com\/en\/wp-json\/wp\/v2\/pages"}],"about":[{"href":"https:\/\/www.parisienconstruction.com\/en\/wp-json\/wp\/v2\/types\/page"}],"author":[{"embeddable":true,"href":"https:\/\/www.parisienconstruction.com\/en\/wp-json\/wp\/v2\/users\/1"}],"replies":[{"embeddable":true,"href":"https:\/\/www.parisienconstruction.com\/en\/wp-json\/wp\/v2\/comments?post=457"}],"version-history":[{"count":9,"href":"https:\/\/www.parisienconstruction.com\/en\/wp-json\/wp\/v2\/pages\/457\/revisions"}],"predecessor-version":[{"id":14448,"href":"https:\/\/www.parisienconstruction.com\/en\/wp-json\/wp\/v2\/pages\/457\/revisions\/14448"}],"up":[{"embeddable":true,"href":"https:\/\/www.parisienconstruction.com\/en\/wp-json\/wp\/v2\/pages\/451"}],"wp:attachment":[{"href":"https:\/\/www.parisienconstruction.com\/en\/wp-json\/wp\/v2\/media?parent=457"}],"curies":[{"name":"wp","href":"https:\/\/api.w.org\/{rel}","templated":true}]}}